{"id":409,"date":"2021-03-09T14:29:01","date_gmt":"2021-03-09T13:29:01","guid":{"rendered":"http:\/\/tourdepez.com\/rgpd\/"},"modified":"2024-10-29T18:19:13","modified_gmt":"2024-10-29T17:19:13","slug":"personal-data-policy","status":"publish","type":"page","link":"https:\/\/www.tourdepez.com\/en\/personal-data-policy\/","title":{"rendered":"Personal data policy"},"content":{"rendered":"<h4>Qui sommes-nous ?<\/h4>\n<p>Le pr\u00e9sent site Internet <a href=\"http:\/\/www.tourdepez.com\/fr\/\">www.tourdepez.com<\/a> est d\u00e9tenu et exploit\u00e9 par SA VIGNOBLES DE LAROSE, Route de Pauillac 33112 Saint-Laurent M\u00e9doc \u2013 France<br \/>\nSA au Capital social 19 245 898,85\u20ac &#8211; 308 364 645 RCS. Bordeaux &#8211; APE 0121Z.<\/p>\n<h4>Finalit\u00e9s de la pr\u00e9sente d\u00e9claration<\/h4>\n<p>La pr\u00e9sente d\u00e9claration de confidentialit\u00e9 vous indique les informations vous concernant que nous collectons lorsque vous visitez notre site Internet ou nous communiquez des informations de toute autre mani\u00e8re.<br \/>\nElle vous indique \u00e9galement la fa\u00e7on dont vous pouvez exercer vos droits (y compris le droit de vous opposer au traitement de certaines donn\u00e9es).<br \/>\nDe plus amples informations quant \u00e0 vos droits et \u00e0 la fa\u00e7on dont vous pouvez les exercer sont disponibles dans la section &#8220;Vos droits&#8221; ci-apr\u00e8s.<\/p>\n<h4>Quels types de donn\u00e9es \u00e0 caract\u00e8re personnel collectons-nous ?<\/h4>\n<p>Donn\u00e9es relatives \u00e0 la fr\u00e9quentation du site et informations concernant votre ordinateur<br \/>\nComment utilisons-nous lesdites donn\u00e9es ?<br \/>\nLorsque vous naviguez sur notre Site Internet, nous utilisons les cookies pour collecter :<br \/>\nDes informations relatives \u00e0 votre utilisation de notre Site Internet &#8211; nous collectons des informations de base relatives \u00e0 votre connexion \u00e0 internet et des informations relatives au comportement du visiteur.<br \/>\nNous utilisons lesdites informations pour enregistrer le nombre de visiteurs, ainsi que leur utilisation des diff\u00e9rentes zones du Site Internet et de tous autres liens ou fonctionnalit\u00e9s utiles. Nous ne saurions en aucun cas utiliser lesdites informations d&#8217;une mani\u00e8re permettant de vous identifier personnellement.<br \/>\nNous avons recours \u00e0 un tiers, Google Analytics, afin de collecter lesdites informations, mais ces derni\u00e8res sont uniquement trait\u00e9es d&#8217;une mani\u00e8re ne permettant pas d&#8217;identifier personnellement les individus. Nous n&#8217;essayons pas, et n&#8217;autorisons pas Google Analytics \u00e0 essayer, de d\u00e9couvrir l&#8217;identit\u00e9 des personnes visitant notre site Internet ;<br \/>\nInformations concernant votre ordinateur ; lesdites informations comprennent votre adresse IP, votre syst\u00e8me d&#8217;exploitation et votre type de navigateur.<br \/>\nNous utilisons ces informations pour maintenir la s\u00e9curit\u00e9 de notre Site Internet et pour identifier les tendances aux fins d&#8217;am\u00e9liorer ses performances.<br \/>\nNous utilisons \u00e9galement lesdites informations pour personnaliser le Site Internet en fonction de vos centre d&#8217;int\u00e9r\u00eats et pour garantir que le contenu du Site vous est pr\u00e9sent\u00e9 de la mani\u00e8re la plus efficace possible<br \/>\nNous ne saurions en aucun cas utiliser lesdites informations d&#8217;une mani\u00e8re permettant de vous identifier personnellement.<br \/>\nNous collectons lesdites informations pour poursuivre nos int\u00e9r\u00eats l\u00e9gitimes dans le cadre du maintien et de la gestion de notre Site Internet et aux fins de garantir sa s\u00e9curit\u00e9. Si vous ne souhaitez pas que nous collections lesdites informations, vous pouvez utiliser l&#8217;ent\u00eate &#8221; do not track &#8221; (&#8221; DNT &#8220;) de votre navigateur pour nous faire savoir que vous ne souhaitez pas \u00eatre suivis lorsque vous visitez notre Site Internet. Pour plus d&#8217;informations concernant le DNT, veuillez vous rendre sur https:\/\/allaboutdnt.com\/.<br \/>\nPour plus d&#8217;informations quant \u00e0 la fa\u00e7on dont nous utilisons les cookies sur notre Site Internet, veuillez vous reporter \u00e0 notre Politique en mati\u00e8re de cookies dans les mentions l\u00e9gales.<\/p>\n<h4>Pendant combien de temps conservons-nous ces informations ?<\/h4>\n<p>Nous conservons les informations relatives \u00e0 votre visite sur notre Site Internet uniquement pendant la dur\u00e9e n\u00e9cessaire pour accomplir les finalit\u00e9s que nous avons indiqu\u00e9es. En g\u00e9n\u00e9ral, nous supprimons les informations relatives \u00e0 la navigation des utilisateurs tous les 24 mois.<\/p>\n<h4>Avec qui partageons-nous ces informations ?<\/h4>\n<p>Nous partageons les informations concernant les visiteurs de notre Site Internet avec les prestataires qui nous aident \u00e0 administrer et g\u00e9rer ledit Site.<br \/>\nNous partageons \u00e9galement les informations relatives \u00e0 votre utilisation de notre Site Internet avec les r\u00e9seaux de publicit\u00e9, bien que vous ne puissiez pas \u00eatre identifi\u00e9 au moyen desdites informations.<\/p>\n<h4>O\u00f9 transf\u00e9rons-nous lesdites informations ?<\/h4>\n<p>Les informations relatives \u00e0 votre utilisation de notre Site Internet que nous collectons sont conserv\u00e9es par notre ou nos prestataires sur des serveurs s\u00e9curis\u00e9s situ\u00e9s hors de l&#8217;Espace \u00e9conomique europ\u00e9en (EEE).<br \/>\nNous prot\u00e9geons votre vie priv\u00e9e en nous assurant que notre ou nos prestataires font partie du Bouclier de protection des donn\u00e9es UE-\u00c9tats-Unis.<\/p>\n<h4>Informations que vous nous envoyez<\/h4>\n<p>Comment utilisons-nous les-dites donn\u00e9es ?<br \/>\nLorsque vous utilisez notre Site Internet, vous n&#8217;\u00eates pas tenu de nous fournir directement quelque information que ce soit. Si vous choisissez d&#8217;utiliser la fonctionnalit\u00e9 &#8221; Nous contacter &#8221; ou de nous contacter de toute autre mani\u00e8re, nous utiliserons les informations que vous nous enverrez aux fins de r\u00e9pondre \u00e0 votre demande. Lorsque nous utilisons vos donn\u00e9es \u00e0 caract\u00e8re personnel \u00e0 ces fins, nous le faisons pour poursuivre nos int\u00e9r\u00eats commerciaux l\u00e9gitimes dans le cadre de nos \u00e9changes avec vous conform\u00e9ment \u00e0 vos attentes et \u00e0 votre volont\u00e9. Nous utiliserons \u00e9galement lesdites donn\u00e9es afin de poursuivre nos int\u00e9r\u00eats l\u00e9gitimes pour obtenir des conseils professionnels pertinents et afin de garantir que nous respectons les obligations l\u00e9gales auxquelles notre entreprise est soumise.<\/p>\n<p>Pendant combien de temps conservons-nous ces informations ?<br \/>\nNous conservons uniquement vos informations pendant la dur\u00e9e n\u00e9cessaire afin de g\u00e9rer votre demande. Nous conservons g\u00e9n\u00e9ralement les registres des demandes de routine pendant 12 mois, mais dans certains cas (par exemple, lorsque la demande concerne un contrat conclu entre nous, ou lorsque nous avons besoin d&#8217;obtenir un conseil juridique pour r\u00e9pondre \u00e0 une plainte) nous sommes susceptibles de conserver un registre de nos \u00e9changes pendant une dur\u00e9e maximale de 5 ans.<\/p>\n<p>Avec qui partageons-nous ces informations ?<br \/>\nSi cela s&#8217;av\u00e8re n\u00e9cessaire afin de r\u00e9pondre \u00e0 une demande ou de r\u00e9gler une plainte, nous partagerons vos donn\u00e9es avec nos prestataires et nos conseillers professionnels.<br \/>\nDans les autres cas, nous ne partageons pas vos donn\u00e9es avec quelque tiers que ce soit, sauf si :<br \/>\nnous disposons de votre consentement ;<br \/>\nla loi l&#8217;exige ;<br \/>\ncela est n\u00e9cessaire pour que nous puissions faire respecter nos conditions d&#8217;utilisation, nos droits ou nos droits de propri\u00e9t\u00e9, ou les droits ou droits de propri\u00e9t\u00e9 de tout tiers ; ou<br \/>\ncela est n\u00e9cessaire dans le cadre de la vente de notre entreprise ou de ses actifs (auquel cas, vos informations seront communiqu\u00e9es \u00e0 nos conseillers et \u00e0 ceux de tout acheteur potentiel, et seront transmises aux nouveaux propri\u00e9taires).<\/p>\n<p>O\u00f9 transf\u00e9rons-nous lesdites informations ?<br \/>\nLes informations que vous nous envoyez par l&#8217;interm\u00e9diaire de notre Site Internet sont conserv\u00e9es par notre ou nos prestataires sur des serveurs s\u00e9curis\u00e9s situ\u00e9s dans l&#8217;Espace \u00e9conomique europ\u00e9en (EEE).<\/p>\n<h4>A qui pouvez-vous vous adresser en cas de contestation relative au traitement de vos donn\u00e9es personnelles ?<\/h4>\n<p>Vous pouvez faire une r\u00e9clamation aupr\u00e8s de nos services, selon les modalit\u00e9s pr\u00e9cis\u00e9es au paragraphe &#8220;Vos contacts&#8221;.<br \/>\nSi la r\u00e9ponse re\u00e7ue ne vous satisfait pas ou bien en l\u2019absence de r\u00e9ponse, vous pouvez adresser votre r\u00e9clamation \u00e0 la CNIL selon les modalit\u00e9s figurant sur\u00a0leur\u00a0site.<\/p>\n<h4>Vos contacts<\/h4>\n<p>Pour exercer vos droits ou bien pour toute information compl\u00e9mentaire ou r\u00e9clamation, vous pouvez contacter SA VIGNOBLES DE LAROSE. Il vous suffit pour cela de nous \u00e9crire par mail \u00e0 info@vignoblesdelarose.com ou bien \u00e0 d\u00e9faut par courrier postal \u00e0 l\u2019adresse SA VIGNOBLES DE LAROSE Route de Pauillac 33112 Saint-Laurent M\u00e9doc.<\/p>\n<p>L\u2019exercice de vos droits est un droit strictement personnel et ne concerne que le demandeur pour son compte propre, ou bien un tuteur l\u00e9gal pour le compte d\u2019un mineur ou d\u2019un majeur prot\u00e9g\u00e9 tel qu\u2019une personne plac\u00e9e sous le r\u00e9gime de la curatelle ou de la tutelle l\u00e9gale. Il ne peut s\u2019appliquer pour un autre membre de la famille ou quelqu\u2019un vivant sous le toit du demandeur sans preuve de mandat l\u00e9gal confi\u00e9 au demandeur par la personne concern\u00e9e ou d\u2019un justificatif pertinent.<\/p>\n<p>L\u2019exercice des droits n\u00e9cessite une preuve d\u2019identit\u00e9, soit par transmission d\u2019une copie de pi\u00e8ce d\u2019identit\u00e9 en r\u00e8gle si vous y consentez, soit par d\u2019autres m\u00e9thodes d\u2019authentification qui pourront vous \u00eatre demand\u00e9es par SA VIGNOBLES DE LAROSE.<\/p>\n","protected":false},"excerpt":{"rendered":"Qui sommes-nous ? Le pr\u00e9sent site Internet www.tourdepez.com est d\u00e9tenu et exploit\u00e9 par SA VIGNOBLES DE LAROSE, Route de Pauillac 33112 Saint-Laurent M\u00e9doc \u2013 France SA au Capital social 19 245 898,85\u20ac &#8211; 308 364 645 RCS. Bordeaux &#8211; APE 0121Z. Finalit\u00e9s de la pr\u00e9sente d\u00e9claration La pr\u00e9sente d\u00e9claration de confidentialit\u00e9 vous indique les informations [&hellip;]","protected":false},"author":1,"featured_media":0,"parent":0,"menu_order":0,"comment_status":"closed","ping_status":"closed","template":"","meta":{"_acf_changed":false,"inline_featured_image":false,"footnotes":""},"class_list":["post-409","page","type-page","status-publish","hentry"],"acf":[],"yoast_head":"<!-- This site is optimized with the Yoast SEO plugin v27.3 - https:\/\/yoast.com\/product\/yoast-seo-wordpress\/ -->\n<title>Personal data policy &#8211; Ch\u00e2teau Tour de Pez<\/title>\n<meta name=\"robots\" content=\"index, follow, max-snippet:-1, max-image-preview:large, max-video-preview:-1\" \/>\n<link rel=\"canonical\" href=\"https:\/\/www.tourdepez.com\/en\/personal-data-policy\/\" \/>\n<meta property=\"og:locale\" content=\"en_US\" \/>\n<meta property=\"og:type\" content=\"article\" \/>\n<meta property=\"og:title\" content=\"Personal data policy &#8211; Ch\u00e2teau Tour de Pez\" \/>\n<meta property=\"og:description\" content=\"Qui sommes-nous ? Le pr\u00e9sent site Internet www.tourdepez.com est d\u00e9tenu et exploit\u00e9 par SA VIGNOBLES DE LAROSE, Route de Pauillac 33112 Saint-Laurent M\u00e9doc \u2013 France SA au Capital social 19 245 898,85\u20ac &#8211; 308 364 645 RCS. Bordeaux &#8211; APE 0121Z. Finalit\u00e9s de la pr\u00e9sente d\u00e9claration La pr\u00e9sente d\u00e9claration de confidentialit\u00e9 vous indique les informations [&hellip;]\" \/>\n<meta property=\"og:url\" content=\"https:\/\/www.tourdepez.com\/en\/personal-data-policy\/\" \/>\n<meta property=\"og:site_name\" content=\"Ch\u00e2teau Tour de Pez\" \/>\n<meta property=\"article:modified_time\" content=\"2024-10-29T17:19:13+00:00\" \/>\n<meta name=\"twitter:card\" content=\"summary_large_image\" \/>\n<meta name=\"twitter:label1\" content=\"Est. reading time\" \/>\n\t<meta name=\"twitter:data1\" content=\"7 minutes\" \/>\n<script type=\"application\/ld+json\" class=\"yoast-schema-graph\">{\"@context\":\"https:\\\/\\\/schema.org\",\"@graph\":[{\"@type\":\"WebPage\",\"@id\":\"https:\\\/\\\/www.tourdepez.com\\\/en\\\/personal-data-policy\\\/\",\"url\":\"https:\\\/\\\/www.tourdepez.com\\\/en\\\/personal-data-policy\\\/\",\"name\":\"Personal data policy &#8211; Ch\u00e2teau Tour de Pez\",\"isPartOf\":{\"@id\":\"https:\\\/\\\/www.tourdepez.com\\\/#website\"},\"datePublished\":\"2021-03-09T13:29:01+00:00\",\"dateModified\":\"2024-10-29T17:19:13+00:00\",\"breadcrumb\":{\"@id\":\"https:\\\/\\\/www.tourdepez.com\\\/en\\\/personal-data-policy\\\/#breadcrumb\"},\"inLanguage\":\"en-US\",\"potentialAction\":[{\"@type\":\"ReadAction\",\"target\":[\"https:\\\/\\\/www.tourdepez.com\\\/en\\\/personal-data-policy\\\/\"]}]},{\"@type\":\"BreadcrumbList\",\"@id\":\"https:\\\/\\\/www.tourdepez.com\\\/en\\\/personal-data-policy\\\/#breadcrumb\",\"itemListElement\":[{\"@type\":\"ListItem\",\"position\":1,\"name\":\"Accueil\",\"item\":\"https:\\\/\\\/www.tourdepez.com\\\/en\\\/\"},{\"@type\":\"ListItem\",\"position\":2,\"name\":\"Personal data policy\"}]},{\"@type\":\"WebSite\",\"@id\":\"https:\\\/\\\/www.tourdepez.com\\\/#website\",\"url\":\"https:\\\/\\\/www.tourdepez.com\\\/\",\"name\":\"Ch\u00e2teau Tour de Pez\",\"description\":\"Cru Bourgeois du M\u00e9doc\",\"publisher\":{\"@id\":\"https:\\\/\\\/www.tourdepez.com\\\/#organization\"},\"potentialAction\":[{\"@type\":\"SearchAction\",\"target\":{\"@type\":\"EntryPoint\",\"urlTemplate\":\"https:\\\/\\\/www.tourdepez.com\\\/?s={search_term_string}\"},\"query-input\":{\"@type\":\"PropertyValueSpecification\",\"valueRequired\":true,\"valueName\":\"search_term_string\"}}],\"inLanguage\":\"en-US\"},{\"@type\":\"Organization\",\"@id\":\"https:\\\/\\\/www.tourdepez.com\\\/#organization\",\"name\":\"Ch\u00e2teau Tour de Pez\",\"url\":\"https:\\\/\\\/www.tourdepez.com\\\/\",\"logo\":{\"@type\":\"ImageObject\",\"inLanguage\":\"en-US\",\"@id\":\"https:\\\/\\\/www.tourdepez.com\\\/#\\\/schema\\\/logo\\\/image\\\/\",\"url\":\"https:\\\/\\\/www.tourdepez.com\\\/wp-content\\\/uploads\\\/2021\\\/03\\\/logo-TDP-1.png\",\"contentUrl\":\"https:\\\/\\\/www.tourdepez.com\\\/wp-content\\\/uploads\\\/2021\\\/03\\\/logo-TDP-1.png\",\"width\":660,\"height\":436,\"caption\":\"Ch\u00e2teau Tour de Pez\"},\"image\":{\"@id\":\"https:\\\/\\\/www.tourdepez.com\\\/#\\\/schema\\\/logo\\\/image\\\/\"}}]}<\/script>\n<!-- \/ Yoast SEO plugin. -->","yoast_head_json":{"title":"Personal data policy &#8211; Ch\u00e2teau Tour de Pez","robots":{"index":"index","follow":"follow","max-snippet":"max-snippet:-1","max-image-preview":"max-image-preview:large","max-video-preview":"max-video-preview:-1"},"canonical":"https:\/\/www.tourdepez.com\/en\/personal-data-policy\/","og_locale":"en_US","og_type":"article","og_title":"Personal data policy &#8211; Ch\u00e2teau Tour de Pez","og_description":"Qui sommes-nous ? Le pr\u00e9sent site Internet www.tourdepez.com est d\u00e9tenu et exploit\u00e9 par SA VIGNOBLES DE LAROSE, Route de Pauillac 33112 Saint-Laurent M\u00e9doc \u2013 France SA au Capital social 19 245 898,85\u20ac &#8211; 308 364 645 RCS. Bordeaux &#8211; APE 0121Z. Finalit\u00e9s de la pr\u00e9sente d\u00e9claration La pr\u00e9sente d\u00e9claration de confidentialit\u00e9 vous indique les informations [&hellip;]","og_url":"https:\/\/www.tourdepez.com\/en\/personal-data-policy\/","og_site_name":"Ch\u00e2teau Tour de Pez","article_modified_time":"2024-10-29T17:19:13+00:00","twitter_card":"summary_large_image","twitter_misc":{"Est. reading time":"7 minutes"},"schema":{"@context":"https:\/\/schema.org","@graph":[{"@type":"WebPage","@id":"https:\/\/www.tourdepez.com\/en\/personal-data-policy\/","url":"https:\/\/www.tourdepez.com\/en\/personal-data-policy\/","name":"Personal data policy &#8211; Ch\u00e2teau Tour de Pez","isPartOf":{"@id":"https:\/\/www.tourdepez.com\/#website"},"datePublished":"2021-03-09T13:29:01+00:00","dateModified":"2024-10-29T17:19:13+00:00","breadcrumb":{"@id":"https:\/\/www.tourdepez.com\/en\/personal-data-policy\/#breadcrumb"},"inLanguage":"en-US","potentialAction":[{"@type":"ReadAction","target":["https:\/\/www.tourdepez.com\/en\/personal-data-policy\/"]}]},{"@type":"BreadcrumbList","@id":"https:\/\/www.tourdepez.com\/en\/personal-data-policy\/#breadcrumb","itemListElement":[{"@type":"ListItem","position":1,"name":"Accueil","item":"https:\/\/www.tourdepez.com\/en\/"},{"@type":"ListItem","position":2,"name":"Personal data policy"}]},{"@type":"WebSite","@id":"https:\/\/www.tourdepez.com\/#website","url":"https:\/\/www.tourdepez.com\/","name":"Ch\u00e2teau Tour de Pez","description":"Cru Bourgeois du M\u00e9doc","publisher":{"@id":"https:\/\/www.tourdepez.com\/#organization"},"potentialAction":[{"@type":"SearchAction","target":{"@type":"EntryPoint","urlTemplate":"https:\/\/www.tourdepez.com\/?s={search_term_string}"},"query-input":{"@type":"PropertyValueSpecification","valueRequired":true,"valueName":"search_term_string"}}],"inLanguage":"en-US"},{"@type":"Organization","@id":"https:\/\/www.tourdepez.com\/#organization","name":"Ch\u00e2teau Tour de Pez","url":"https:\/\/www.tourdepez.com\/","logo":{"@type":"ImageObject","inLanguage":"en-US","@id":"https:\/\/www.tourdepez.com\/#\/schema\/logo\/image\/","url":"https:\/\/www.tourdepez.com\/wp-content\/uploads\/2021\/03\/logo-TDP-1.png","contentUrl":"https:\/\/www.tourdepez.com\/wp-content\/uploads\/2021\/03\/logo-TDP-1.png","width":660,"height":436,"caption":"Ch\u00e2teau Tour de Pez"},"image":{"@id":"https:\/\/www.tourdepez.com\/#\/schema\/logo\/image\/"}}]}},"_links":{"self":[{"href":"https:\/\/www.tourdepez.com\/en\/wp-json\/wp\/v2\/pages\/409","targetHints":{"allow":["GET"]}}],"collection":[{"href":"https:\/\/www.tourdepez.com\/en\/wp-json\/wp\/v2\/pages"}],"about":[{"href":"https:\/\/www.tourdepez.com\/en\/wp-json\/wp\/v2\/types\/page"}],"author":[{"embeddable":true,"href":"https:\/\/www.tourdepez.com\/en\/wp-json\/wp\/v2\/users\/1"}],"replies":[{"embeddable":true,"href":"https:\/\/www.tourdepez.com\/en\/wp-json\/wp\/v2\/comments?post=409"}],"version-history":[{"count":5,"href":"https:\/\/www.tourdepez.com\/en\/wp-json\/wp\/v2\/pages\/409\/revisions"}],"predecessor-version":[{"id":890,"href":"https:\/\/www.tourdepez.com\/en\/wp-json\/wp\/v2\/pages\/409\/revisions\/890"}],"wp:attachment":[{"href":"https:\/\/www.tourdepez.com\/en\/wp-json\/wp\/v2\/media?parent=409"}],"curies":[{"name":"wp","href":"https:\/\/api.w.org\/{rel}","templated":true}]}}